{"id":6423,"date":"2025-02-18T17:14:48","date_gmt":"2025-02-18T16:14:48","guid":{"rendered":"https:\/\/www.calmwear.de\/shop\/?post_type=product&#038;p=6423"},"modified":"2025-02-27T19:01:29","modified_gmt":"2025-02-27T18:01:29","slug":"duftkerze-mit-bambusdeckel","status":"publish","type":"product","link":"https:\/\/www.calmwear.de\/shop\/produkt\/duftkerze-mit-bambusdeckel\/","title":{"rendered":"Duftkerze mit Bambusdeckel"},"content":{"rendered":"<p>Erleben Sie entspannende Momente mit unserer stilvollen Duftkerze im Glas, veredelt durch einen nat\u00fcrlichen Bambusdeckel. Der zarte <strong>Vanilleduft<\/strong> schafft eine warme, einladende Atmosph\u00e4re in jedem Raum. <strong>Mit einer Gr\u00f6\u00dfe von ca. \u00d8 7 cm und einer H\u00f6he von 8,8 cm<\/strong> passt diese Kerze perfekt auf jeden Tisch, Regal oder Beistelltisch. Das edle Design und die hochwertige Verarbeitung machen sie zu einem stimmungsvollen Accessoire f\u00fcr Ihr Zuhause oder zu einem idealen Geschenk.<\/p>\n<ul>\n<li><strong>Gr\u00f6\u00dfe: ca. \u00d8 7 cm, H\u00f6he 8,8 cm<\/strong><\/li>\n<\/ul>\n<p>&nbsp;<\/p>\n<p>Die <strong data-start=\"4\" data-end=\"46\">Duftkerze mit Bambusdeckel<\/strong>\u00a0ist nicht nur einzeln erh\u00e4ltlich, sondern auch Teil des <a href=\"\/shop\/product\/luett-freudenpak-kleine-freude-grosse-wirkung\/\"><strong data-start=\"103\" data-end=\"139\">Geschenkekorbs \u201eL\u00fctt Freudenpak\u201c<\/strong><\/a>, der mit einer handverlesenen Auswahl an stilvollen und nachhaltigen Produkten f\u00fcr besondere Wohlf\u00fchlmomente sorgt.<\/p>\n","protected":false},"excerpt":{"rendered":"<p>Verwandeln Sie Ihr<strong> Zuhause<\/strong> in eine <strong>Wohlf\u00fchloase<\/strong> mit unserer eleganten Duftkerze im Glas. Der zarte <strong>Vanilleduft<\/strong> sorgt f\u00fcr eine entspannte Atmosph\u00e4re, w\u00e4hrend der stilvolle Bambusdeckel dem Design eine nat\u00fcrliche Note verleiht. Mit den Ma\u00dfen <strong>ca. \u00d8 7 cm und einer H\u00f6he von 8,8 cm<\/strong> ist diese Kerze ein idealer Begleiter als dekoratives Highlight oder als besonderes Geschenk.<\/p>\n","protected":false},"featured_media":6450,"comment_status":"closed","ping_status":"closed","template":"","meta":{"_acf_changed":false},"product_cat":[270,289,295,301,310],"product_tag":[],"class_list":{"0":"post-6423","1":"product","2":"type-product","3":"status-publish","4":"has-post-thumbnail","6":"product_cat-westcoast-northfreezeland","7":"product_cat-westcoast-northfreezeland-herren-accessories","8":"product_cat-westcoast-northfreezeland-damen-accessories","9":"product_cat-westcoast-northfreezeland-kids-accessoires","10":"product_cat-accessoires","12":"first","13":"instock","14":"taxable","15":"shipping-taxable","16":"purchasable","17":"product-type-simple"},"acf":[],"_links":{"self":[{"href":"https:\/\/www.calmwear.de\/shop\/wp-json\/wp\/v2\/product\/6423","targetHints":{"allow":["GET"]}}],"collection":[{"href":"https:\/\/www.calmwear.de\/shop\/wp-json\/wp\/v2\/product"}],"about":[{"href":"https:\/\/www.calmwear.de\/shop\/wp-json\/wp\/v2\/types\/product"}],"replies":[{"embeddable":true,"href":"https:\/\/www.calmwear.de\/shop\/wp-json\/wp\/v2\/comments?post=6423"}],"wp:featuredmedia":[{"embeddable":true,"href":"https:\/\/www.calmwear.de\/shop\/wp-json\/wp\/v2\/media\/6450"}],"wp:attachment":[{"href":"https:\/\/www.calmwear.de\/shop\/wp-json\/wp\/v2\/media?parent=6423"}],"wp:term":[{"taxonomy":"product_cat","embeddable":true,"href":"https:\/\/www.calmwear.de\/shop\/wp-json\/wp\/v2\/product_cat?post=6423"},{"taxonomy":"product_tag","embeddable":true,"href":"https:\/\/www.calmwear.de\/shop\/wp-json\/wp\/v2\/product_tag?post=6423"}],"curies":[{"name":"wp","href":"https:\/\/api.w.org\/{rel}","templated":true}]}}