{"id":6465,"date":"2025-02-20T16:55:33","date_gmt":"2025-02-20T15:55:33","guid":{"rendered":"https:\/\/www.calmwear.de\/shop\/?post_type=product&#038;p=6465"},"modified":"2025-02-27T18:13:17","modified_gmt":"2025-02-27T17:13:17","slug":"aufbewahrungsglas-aus-porzellan-mit-bambusdeckel","status":"publish","type":"product","link":"https:\/\/www.calmwear.de\/shop\/produkt\/aufbewahrungsglas-aus-porzellan-mit-bambusdeckel\/","title":{"rendered":"Aufbewahrungsglas aus Porzellan mit Bambusdeckel"},"content":{"rendered":"<p>Setzen Sie auf <strong>zeitloses Design<\/strong> und <strong>Funktionalit\u00e4t<\/strong> mit diesem hochwertigen Aufbewahrungsglas aus <strong>Porzellan<\/strong>. Der edle Bambusdeckel rundet das Erscheinungsbild harmonisch ab und macht das Glas zum perfekten Begleiter in der K\u00fcche, im Wohnzimmer oder im B\u00fcro. Mit einer <strong>F\u00fcllmenge von 450 ml<\/strong> bietet es ausreichend Platz f\u00fcr Ihre Lieblingszutaten, Snacks oder Dekorationselemente. Die feine Verarbeitung und das elegante Material versprechen Langlebigkeit und einen Hauch von Natur in Ihrem Alltag.<\/p>\n<ul>\n<li><strong>H\u00f6he: 95 mm<\/strong><\/li>\n<li><strong>Durchmesser: 100 mm<\/strong><\/li>\n<li><strong>F\u00fcllmenge: 450 ml<\/strong><\/li>\n<li><strong>Gewicht: 470 g<\/strong><\/li>\n<\/ul>\n<p>&nbsp;<\/p>\n<p>Das <strong data-start=\"4\" data-end=\"43\">Aufbewahrungsglas<\/strong>\u00a0ist nicht nur einzeln erh\u00e4ltlich, sondern auch Teil des <a href=\"\/shop\/product\/groot-freudenpak-grosse-freude-in-einem-korb\/\"><strong data-start=\"100\" data-end=\"137\">Geschenkekorbs \u201eGroot Freudenpak\u201c<\/strong><\/a>, der eine exklusive Auswahl an nachhaltigen und stilvollen Alltagsbegleitern vereint.<\/p>\n","protected":false},"excerpt":{"rendered":"<p>Erleben Sie <strong>stilvolle Ordnung<\/strong> mit unserem eleganten Aufbewahrungsglas aus <strong>feinem Porzellan<\/strong>. Das Glas misst <strong>95 mm in der H\u00f6he<\/strong> und <strong>100 mm im Durchmesser<\/strong>, bietet ein <strong>Fassungsverm\u00f6gen von 450 ml<\/strong> und <strong>wiegt ca. 470 g.<\/strong> Abgerundet wird das Design durch einen edlen Bambusdeckel, der nicht nur praktisch verschlie\u00dft, sondern auch optisch Akzente setzt. Ideal, um K\u00fcchenzutaten, Snacks oder dekorative Accessoires stilvoll aufzubewahren.<\/p>\n","protected":false},"featured_media":6466,"comment_status":"closed","ping_status":"closed","template":"","meta":{"_acf_changed":false},"product_cat":[270,289,295,301,310],"product_tag":[],"class_list":{"0":"post-6465","1":"product","2":"type-product","3":"status-publish","4":"has-post-thumbnail","6":"product_cat-westcoast-northfreezeland","7":"product_cat-westcoast-northfreezeland-herren-accessories","8":"product_cat-westcoast-northfreezeland-damen-accessories","9":"product_cat-westcoast-northfreezeland-kids-accessoires","10":"product_cat-accessoires","12":"first","13":"instock","14":"taxable","15":"shipping-taxable","16":"purchasable","17":"product-type-simple"},"acf":[],"_links":{"self":[{"href":"https:\/\/www.calmwear.de\/shop\/wp-json\/wp\/v2\/product\/6465","targetHints":{"allow":["GET"]}}],"collection":[{"href":"https:\/\/www.calmwear.de\/shop\/wp-json\/wp\/v2\/product"}],"about":[{"href":"https:\/\/www.calmwear.de\/shop\/wp-json\/wp\/v2\/types\/product"}],"replies":[{"embeddable":true,"href":"https:\/\/www.calmwear.de\/shop\/wp-json\/wp\/v2\/comments?post=6465"}],"wp:featuredmedia":[{"embeddable":true,"href":"https:\/\/www.calmwear.de\/shop\/wp-json\/wp\/v2\/media\/6466"}],"wp:attachment":[{"href":"https:\/\/www.calmwear.de\/shop\/wp-json\/wp\/v2\/media?parent=6465"}],"wp:term":[{"taxonomy":"product_cat","embeddable":true,"href":"https:\/\/www.calmwear.de\/shop\/wp-json\/wp\/v2\/product_cat?post=6465"},{"taxonomy":"product_tag","embeddable":true,"href":"https:\/\/www.calmwear.de\/shop\/wp-json\/wp\/v2\/product_tag?post=6465"}],"curies":[{"name":"wp","href":"https:\/\/api.w.org\/{rel}","templated":true}]}}