{"id":6482,"date":"2025-02-20T18:26:06","date_gmt":"2025-02-20T17:26:06","guid":{"rendered":"https:\/\/www.calmwear.de\/shop\/?post_type=product&#038;p=6482"},"modified":"2025-02-24T14:14:23","modified_gmt":"2025-02-24T13:14:23","slug":"umweltfreundliche-ausgewaschene-guerteltasche-aus-kord","status":"publish","type":"product","link":"https:\/\/www.calmwear.de\/shop\/produkt\/umweltfreundliche-ausgewaschene-guerteltasche-aus-kord\/","title":{"rendered":"Kordb\u00fcddel &#8211; Ausgewaschene G\u00fcrteltasche"},"content":{"rendered":"<p>Unsere <strong>umweltfreundliche<\/strong> G\u00fcrteltasche aus <strong>100 % Bio-Baumwolle<\/strong> besticht durch ihren ausgewaschenen Kord-Look, der jedem Outfit einen modernen und nachhaltigen Akzent verleiht. Der verstellbare Tragegriff aus dem Hauptmaterial sorgt f\u00fcr optimalen Komfort, w\u00e4hrend Zugschnalle und Rei\u00dfverschluss aus <strong>recyceltem Metall<\/strong> nicht nur stilvoll, sondern auch <strong>umweltbewusst<\/strong> sind. Dieses Unisex-Accessoire ist vielseitig einsetzbar. Dank des <strong>GOTS-Zertifikats<\/strong> steht die Tasche f\u00fcr <strong>h\u00f6chste Qualit\u00e4ts- und Umweltstandards<\/strong>. Bitte beachten Sie, dass im gen\u00e4hten Zustand St\u00fcckf\u00e4rbungen auftreten k\u00f6nnen, sodass leichte Farbabweichungen und Abf\u00e4rbungen bei Kontakt mit hellen Fl\u00e4chen m\u00f6glich sind.<\/p>\n<ul data-start=\"568\" data-end=\"1167\">\n<li data-start=\"568\" data-end=\"637\"><strong data-start=\"570\" data-end=\"583\">Material:<\/strong> 100 % Bio-Baumwolle (Kord-Stoff), GOTS-zertifiziert<\/li>\n<li data-start=\"638\" data-end=\"707\"><strong data-start=\"640\" data-end=\"650\">Optik:<\/strong> Ausgewaschener Look f\u00fcr einen modernen, trendigen Stil<\/li>\n<li data-start=\"708\" data-end=\"794\"><strong data-start=\"710\" data-end=\"721\">Design:<\/strong> Unisex-G\u00fcrteltasche mit verstellbarem Tragegriff aus dem Hauptmaterial<\/li>\n<li data-start=\"873\" data-end=\"949\"><strong data-start=\"875\" data-end=\"894\">Metallelemente:<\/strong> Zugschnalle und Rei\u00dfverschluss aus recyceltem Metall<\/li>\n<li data-start=\"950\" data-end=\"979\"><strong data-start=\"952\" data-end=\"961\">Ma\u00dfe:<\/strong> 25,5 cm x 18 cm<\/li>\n<li data-start=\"980\" data-end=\"1007\"><strong data-start=\"982\" data-end=\"996\">Grammatur:<\/strong> 320 g\/m\u00b2<\/li>\n<li data-start=\"1008\" data-end=\"1031\"><strong data-start=\"1010\" data-end=\"1020\">Gr\u00f6\u00dfe:<\/strong> One Size<\/li>\n<\/ul>\n","protected":false},"excerpt":{"rendered":"<p>Entdecken Sie unsere <strong>umweltfreundliche G\u00fcrteltasche aus 100 % Bio-Baumwolle<\/strong> <strong>in ausgewaschenem Kord-Look<\/strong>. Mit den Ma\u00dfen<strong> 25,5 cm x 18 cm<\/strong> und einer <strong>Grammatur von 320 g\/m\u00b2<\/strong> bietet sie ein <strong>trendiges<\/strong>, <strong>unisex Accessoire<\/strong>, das dank <strong>recycelter Metallelemente<\/strong> (Zugschnalle &amp; Rei\u00dfverschluss) <strong>h\u00f6chste Nachhaltigkeit vereint<\/strong>. Bitte beachten Sie, dass Farbabweichungen und Abf\u00e4rbungen m\u00f6glich sind.<\/p>\n","protected":false},"featured_media":6498,"comment_status":"closed","ping_status":"closed","template":"","meta":{"_acf_changed":false},"product_cat":[270,289,295,301,310],"product_tag":[],"class_list":{"0":"post-6482","1":"product","2":"type-product","3":"status-publish","4":"has-post-thumbnail","6":"product_cat-westcoast-northfreezeland","7":"product_cat-westcoast-northfreezeland-herren-accessories","8":"product_cat-westcoast-northfreezeland-damen-accessories","9":"product_cat-westcoast-northfreezeland-kids-accessoires","10":"product_cat-accessoires","12":"first","13":"instock","14":"taxable","15":"shipping-taxable","16":"purchasable","17":"product-type-variable"},"acf":[],"_links":{"self":[{"href":"https:\/\/www.calmwear.de\/shop\/wp-json\/wp\/v2\/product\/6482","targetHints":{"allow":["GET"]}}],"collection":[{"href":"https:\/\/www.calmwear.de\/shop\/wp-json\/wp\/v2\/product"}],"about":[{"href":"https:\/\/www.calmwear.de\/shop\/wp-json\/wp\/v2\/types\/product"}],"replies":[{"embeddable":true,"href":"https:\/\/www.calmwear.de\/shop\/wp-json\/wp\/v2\/comments?post=6482"}],"wp:featuredmedia":[{"embeddable":true,"href":"https:\/\/www.calmwear.de\/shop\/wp-json\/wp\/v2\/media\/6498"}],"wp:attachment":[{"href":"https:\/\/www.calmwear.de\/shop\/wp-json\/wp\/v2\/media?parent=6482"}],"wp:term":[{"taxonomy":"product_cat","embeddable":true,"href":"https:\/\/www.calmwear.de\/shop\/wp-json\/wp\/v2\/product_cat?post=6482"},{"taxonomy":"product_tag","embeddable":true,"href":"https:\/\/www.calmwear.de\/shop\/wp-json\/wp\/v2\/product_tag?post=6482"}],"curies":[{"name":"wp","href":"https:\/\/api.w.org\/{rel}","templated":true}]}}