{"id":6619,"date":"2025-02-22T16:11:44","date_gmt":"2025-02-22T15:11:44","guid":{"rendered":"https:\/\/www.calmwear.de\/shop\/?post_type=product&#038;p=6619"},"modified":"2025-02-24T14:10:48","modified_gmt":"2025-02-24T13:10:48","slug":"cap-flut-rapper-canvas","status":"publish","type":"product","link":"https:\/\/www.calmwear.de\/shop\/produkt\/cap-flut-rapper-canvas\/","title":{"rendered":"Cap Flut &#8211; Rapper Canvas"},"content":{"rendered":"<p data-start=\"0\" data-end=\"933\">Die <strong data-start=\"31\" data-end=\"43\">Cap Flut<\/strong> vereint urbanen Style mit robustem Komfort und setzt modische Akzente. Gefertigt aus hochwertigem <strong data-start=\"142\" data-end=\"166\">100% Baumwoll-Canvas<\/strong> und kontrastierendem <strong data-start=\"188\" data-end=\"206\">100% Polyester<\/strong> an Seiten und R\u00fcckseite, besticht diese 5-Panel-Cap durch ihr unverwechselbares Design. Die f\u00fcnf Segmente, der leicht gebogene <strong data-start=\"334\" data-end=\"347\">Mid Visor<\/strong> sowie der atmungsaktive <strong data-start=\"372\" data-end=\"388\" data-is-only-node=\"\">Mesh-Einsatz<\/strong> auf der R\u00fcckseite sorgen f\u00fcr optimale Passform und Bel\u00fcftung. Ein sicherer <strong data-start=\"464\" data-end=\"488\">Kunststoffverschluss<\/strong> garantiert einen zuverl\u00e4ssigen Halt, w\u00e4hrend die verst\u00e4rkte Front und die vier Ziern\u00e4hte am Schirm dem Look zus\u00e4tzliche Struktur verleihen. Erh\u00e4ltlich in einem trendigen, kontrast-\/mehrfarbigen Design und in One Size \u2013 ein Must-Have f\u00fcr alle, die modischen Streetstyle mit funktionaler Qualit\u00e4t verbinden m\u00f6chten.<br data-start=\"802\" data-end=\"805\" \/><strong data-start=\"805\" data-end=\"823\">Pflegehinweis:<\/strong> Handw\u00e4sche (max. 40\u202f\u00b0C); <strong data-start=\"849\" data-end=\"933\">nicht trockenreinigen, nicht bleichen, nicht b\u00fcgeln, nicht im Trockner trocknen.<\/strong><\/p>\n<ul data-start=\"954\" data-end=\"1389\">\n<li data-start=\"954\" data-end=\"1033\"><strong data-start=\"956\" data-end=\"969\">Material:<\/strong> 100% Baumwoll-Canvas, Seiten und R\u00fcckseite aus 100% Polyester<\/li>\n<li data-start=\"1034\" data-end=\"1129\"><strong data-start=\"1036\" data-end=\"1047\">Design:<\/strong> 5-Panel-Cap mit f\u00fcnf Segmenten, leicht gebogener Mid Visor, Mesh-Einsatz hinten<\/li>\n<li data-start=\"1130\" data-end=\"1211\"><strong data-start=\"1132\" data-end=\"1144\">Details:<\/strong> Verst\u00e4rkte Front, vier Ziern\u00e4hte am Schirm, Kunststoffverschluss<\/li>\n<li data-start=\"1212\" data-end=\"1253\"><strong data-start=\"1214\" data-end=\"1229\">Farbigkeit:<\/strong> Kontrast \/ Mehrfarbig<\/li>\n<li data-start=\"1254\" data-end=\"1282\"><strong data-start=\"1256\" data-end=\"1271\">Gr\u00f6\u00dfenlauf:<\/strong> One Size<\/li>\n<li data-start=\"1283\" data-end=\"1389\"><strong data-start=\"1285\" data-end=\"1296\">Pflege:<\/strong> Handw\u00e4sche bei max. 40\u202f\u00b0C; nicht trockenreinigen, bleichen, b\u00fcgeln oder im Trockner trocknen<\/li>\n<\/ul>\n","protected":false},"excerpt":{"rendered":"<p>Erleben Sie<strong> urbanen Streetstyle<\/strong> mit der <strong>Cap Flut<\/strong> \u2013 einer trendigen <strong>5-Panel-Cap<\/strong>, die <strong>modernes Design<\/strong> mit <strong>zeitlosem Komfort<\/strong> vereint. Gefertigt aus <strong>hochwertigem Baumwoll-Canvas und kontrastierendem Polyester<\/strong>, beeindruckt sie mit einem <strong>leicht gebogenen Mid Visor<\/strong>, einem <strong>atmungsaktiven Mesh-R\u00fcckensektor<\/strong> und einer <strong>verst\u00e4rkten Front<\/strong>. Das kontrastreiche, mehrfarbige Design und der sichere Kunststoffverschluss machen sie zum idealen Accessoire f\u00fcr modebewusste Trendsetter \u2013 One Size f\u00fcr jeden Tag.<\/p>\n","protected":false},"featured_media":6634,"comment_status":"closed","ping_status":"closed","template":"","meta":{"_acf_changed":false},"product_cat":[270,288,294],"product_tag":[],"class_list":{"0":"post-6619","1":"product","2":"type-product","3":"status-publish","4":"has-post-thumbnail","6":"product_cat-westcoast-northfreezeland","7":"product_cat-westcoast-northfreezeland-herren-caps-muetzen","8":"product_cat-westcoast-northfreezeland-damen-caps-muetzen","10":"first","11":"instock","12":"taxable","13":"shipping-taxable","14":"purchasable","15":"product-type-variable"},"acf":[],"_links":{"self":[{"href":"https:\/\/www.calmwear.de\/shop\/wp-json\/wp\/v2\/product\/6619","targetHints":{"allow":["GET"]}}],"collection":[{"href":"https:\/\/www.calmwear.de\/shop\/wp-json\/wp\/v2\/product"}],"about":[{"href":"https:\/\/www.calmwear.de\/shop\/wp-json\/wp\/v2\/types\/product"}],"replies":[{"embeddable":true,"href":"https:\/\/www.calmwear.de\/shop\/wp-json\/wp\/v2\/comments?post=6619"}],"wp:featuredmedia":[{"embeddable":true,"href":"https:\/\/www.calmwear.de\/shop\/wp-json\/wp\/v2\/media\/6634"}],"wp:attachment":[{"href":"https:\/\/www.calmwear.de\/shop\/wp-json\/wp\/v2\/media?parent=6619"}],"wp:term":[{"taxonomy":"product_cat","embeddable":true,"href":"https:\/\/www.calmwear.de\/shop\/wp-json\/wp\/v2\/product_cat?post=6619"},{"taxonomy":"product_tag","embeddable":true,"href":"https:\/\/www.calmwear.de\/shop\/wp-json\/wp\/v2\/product_tag?post=6619"}],"curies":[{"name":"wp","href":"https:\/\/api.w.org\/{rel}","templated":true}]}}