{"id":6638,"date":"2025-02-25T16:58:49","date_gmt":"2025-02-25T15:58:49","guid":{"rendered":"https:\/\/www.calmwear.de\/shop\/?post_type=product&#038;p=6638"},"modified":"2025-02-27T18:52:08","modified_gmt":"2025-02-27T17:52:08","slug":"keramik-tasse-mit-korkboden","status":"publish","type":"product","link":"https:\/\/www.calmwear.de\/shop\/produkt\/keramik-tasse-mit-korkboden\/","title":{"rendered":"Keramik-Tasse mit Korkboden"},"content":{"rendered":"<p data-start=\"104\" data-end=\"389\">Diese hochwertige <strong data-start=\"122\" data-end=\"139\">Keramik-Tasse<\/strong> vereint stilvolles Design mit praktischer Funktionalit\u00e4t. Die gl\u00e4nzende Oberfl\u00e4che und das charmante <strong data-start=\"241\" data-end=\"276\">Westcoast Northfreezeland Schaf<\/strong>-Motiv machen sie zu einem echten Hingucker \u2013 perfekt f\u00fcr alle, die Wert auf Individualit\u00e4t und \u00c4sthetik legen.<\/p>\n<p data-start=\"391\" data-end=\"842\">Mit einem <strong data-start=\"401\" data-end=\"432\">Fassungsverm\u00f6gen von 320 ml<\/strong> bietet sie ausreichend Platz f\u00fcr Kaffee, Tee oder andere Hei\u00dfgetr\u00e4nke. Der <strong data-start=\"508\" data-end=\"532\">abnehmbare Korkboden<\/strong> sorgt nicht nur f\u00fcr zus\u00e4tzliche <strong data-start=\"565\" data-end=\"579\">Stabilit\u00e4t<\/strong>, sondern sch\u00fctzt auch empfindliche Oberfl\u00e4chen vor Hitze und Kratzern. Dank ihres modernen und ergonomischen Designs liegt die Tasse angenehm in der Hand und passt in jede Umgebung \u2013 ob im B\u00fcro, in der K\u00fcche oder als Geschenk.<\/p>\n<p data-start=\"844\" data-end=\"976\">Die Kombination aus <strong data-start=\"864\" data-end=\"888\">hochwertiger Keramik<\/strong> und <strong>nat\u00fcrlichem Kork<\/strong> macht diese Tasse zu einem stilvollen Accessoire f\u00fcr den Alltag.<\/p>\n<ul data-start=\"1006\" data-end=\"1377\">\n<li data-start=\"1006\" data-end=\"1077\"><strong data-start=\"1008\" data-end=\"1021\">Material:<\/strong> Hochwertige <strong data-start=\"1034\" data-end=\"1045\">Keramik<\/strong> mit <strong data-start=\"1050\" data-end=\"1075\">abnehmbarem Korkboden<\/strong><\/li>\n<li data-start=\"1078\" data-end=\"1146\"><strong data-start=\"1080\" data-end=\"1091\">Design:<\/strong> Charmantes <strong data-start=\"1103\" data-end=\"1138\">Westcoast Northfreezeland Schaf<\/strong>-Motiv<\/li>\n<li data-start=\"1147\" data-end=\"1179\"><strong data-start=\"1149\" data-end=\"1170\">Fassungsverm\u00f6gen:<\/strong> 320 ml<\/li>\n<li data-start=\"1180\" data-end=\"1239\"><strong data-start=\"1182\" data-end=\"1191\">Ma\u00dfe:<\/strong> ca. <strong data-start=\"1196\" data-end=\"1210\">96 mm H\u00f6he<\/strong>, ca. <strong data-start=\"1216\" data-end=\"1237\">82 mm Durchmesser<\/strong><\/li>\n<li data-start=\"1240\" data-end=\"1328\"><strong data-start=\"1242\" data-end=\"1260\">Eigenschaften:<\/strong> <strong data-start=\"1261\" data-end=\"1285\">Gl\u00e4nzende Oberfl\u00e4che<\/strong>, hitzebest\u00e4ndiger und stabiler Korkboden<\/li>\n<li data-start=\"1329\" data-end=\"1377\"><strong data-start=\"1331\" data-end=\"1355\">Ergonomisches Design<\/strong> f\u00fcr angenehmen Halt<\/li>\n<\/ul>\n<p>&nbsp;<\/p>\n<p>Die <strong data-start=\"4\" data-end=\"46\">Keramik-Tasse mit Korkboden<\/strong>\u00a0ist nicht nur einzeln erh\u00e4ltlich, sondern auch Teil des <a href=\"\/shop\/product\/luett-freudenpak-kleine-freude-grosse-wirkung\/\"><strong data-start=\"103\" data-end=\"139\">Geschenkekorbs \u201eL\u00fctt Freudenpak\u201c<\/strong><\/a>, der mit einer handverlesenen Auswahl an stilvollen und nachhaltigen Produkten f\u00fcr besondere Wohlf\u00fchlmomente sorgt.<\/p>\n","protected":false},"excerpt":{"rendered":"<p>Stilvolle <strong data-start=\"1564\" data-end=\"1581\">Keramik-Tasse<\/strong> mit gl\u00e4nzender Oberfl\u00e4che und charmantem <strong data-start=\"1623\" data-end=\"1658\">Westcoast Northfreezeland Schaf<\/strong>-Motiv. <strong data-start=\"1666\" data-end=\"1691\">Abnehmbarer Korkboden<\/strong> f\u00fcr Schutz &amp; Stabilit\u00e4t. Perfekt f\u00fcr den Alltag oder als Geschenk.<\/p>\n","protected":false},"featured_media":6641,"comment_status":"closed","ping_status":"closed","template":"","meta":{"_acf_changed":false},"product_cat":[270,289,295,310],"product_tag":[],"class_list":{"0":"post-6638","1":"product","2":"type-product","3":"status-publish","4":"has-post-thumbnail","6":"product_cat-westcoast-northfreezeland","7":"product_cat-westcoast-northfreezeland-herren-accessories","8":"product_cat-westcoast-northfreezeland-damen-accessories","9":"product_cat-accessoires","11":"first","12":"instock","13":"taxable","14":"shipping-taxable","15":"purchasable","16":"product-type-simple"},"acf":[],"_links":{"self":[{"href":"https:\/\/www.calmwear.de\/shop\/wp-json\/wp\/v2\/product\/6638","targetHints":{"allow":["GET"]}}],"collection":[{"href":"https:\/\/www.calmwear.de\/shop\/wp-json\/wp\/v2\/product"}],"about":[{"href":"https:\/\/www.calmwear.de\/shop\/wp-json\/wp\/v2\/types\/product"}],"replies":[{"embeddable":true,"href":"https:\/\/www.calmwear.de\/shop\/wp-json\/wp\/v2\/comments?post=6638"}],"wp:featuredmedia":[{"embeddable":true,"href":"https:\/\/www.calmwear.de\/shop\/wp-json\/wp\/v2\/media\/6641"}],"wp:attachment":[{"href":"https:\/\/www.calmwear.de\/shop\/wp-json\/wp\/v2\/media?parent=6638"}],"wp:term":[{"taxonomy":"product_cat","embeddable":true,"href":"https:\/\/www.calmwear.de\/shop\/wp-json\/wp\/v2\/product_cat?post=6638"},{"taxonomy":"product_tag","embeddable":true,"href":"https:\/\/www.calmwear.de\/shop\/wp-json\/wp\/v2\/product_tag?post=6638"}],"curies":[{"name":"wp","href":"https:\/\/api.w.org\/{rel}","templated":true}]}}