{"id":6645,"date":"2025-02-25T17:10:58","date_gmt":"2025-02-25T16:10:58","guid":{"rendered":"https:\/\/www.calmwear.de\/shop\/?post_type=product&#038;p=6645"},"modified":"2025-02-27T18:15:57","modified_gmt":"2025-02-27T17:15:57","slug":"kuestenbrett-schneidebrett-aus-bambus","status":"publish","type":"product","link":"https:\/\/www.calmwear.de\/shop\/produkt\/kuestenbrett-schneidebrett-aus-bambus\/","title":{"rendered":"K\u00fcstenbrett &#8211; Schneidebrett aus Bambus"},"content":{"rendered":"<p data-start=\"100\" data-end=\"387\">Dieses <strong data-start=\"107\" data-end=\"136\">hochwertige Schneidebrett<\/strong> aus <strong data-start=\"141\" data-end=\"167\">naturbelassenem Bambus<\/strong> vereint Funktionalit\u00e4t mit nordischem Charme. Das stilvolle <strong data-start=\"228\" data-end=\"257\">Westcoast Northfreezeland<\/strong>-Design macht es zu einem echten Blickfang in jeder K\u00fcche und erinnert an die raue, aber wundersch\u00f6ne Landschaft Nordfrieslands.<\/p>\n<p data-start=\"389\" data-end=\"781\">Mit einer <strong data-start=\"399\" data-end=\"433\">Gr\u00f6\u00dfe von ca. 20 x 30 x 1,2 cm<\/strong> bietet das Brett ausreichend Platz zum Schneiden von Gem\u00fcse, Fleisch oder Brot. Die <strong data-start=\"518\" data-end=\"542\">praktische Saftrille<\/strong> f\u00e4ngt Fl\u00fcssigkeiten auf und sorgt f\u00fcr eine saubere Arbeitsfl\u00e4che. Das robuste <strong data-start=\"621\" data-end=\"640\">Bambus-Material<\/strong> ist von Natur aus <strong data-start=\"659\" data-end=\"705\">messerfreundlich, langlebig und hygienisch<\/strong>, wodurch das Brett besonders gut f\u00fcr den t\u00e4glichen Gebrauch geeignet ist.<\/p>\n<p data-start=\"783\" data-end=\"989\">Ob als funktionales K\u00fcchenutensil oder dekoratives Element \u2013 dieses Schneidebrett bringt nordischen Flair in jede K\u00fcche und ist auch eine tolle Geschenkidee f\u00fcr Liebhaber der nordfriesischen K\u00fcstenregion.<\/p>\n<ul data-start=\"1019\" data-end=\"1366\">\n<li data-start=\"1019\" data-end=\"1077\"><strong data-start=\"1021\" data-end=\"1034\">Material:<\/strong> Nachhaltiger, <strong data-start=\"1049\" data-end=\"1075\">naturbelassener Bambus<\/strong><\/li>\n<li data-start=\"1078\" data-end=\"1171\"><strong data-start=\"1080\" data-end=\"1091\">Design:<\/strong> Stilvolles <strong data-start=\"1103\" data-end=\"1132\">Westcoast Northfreezeland<\/strong>-Motiv mit Bezug zu <strong data-start=\"1152\" data-end=\"1169\">Nordfriesland<\/strong><\/li>\n<li data-start=\"1172\" data-end=\"1211\"><strong data-start=\"1174\" data-end=\"1184\">Gr\u00f6\u00dfe:<\/strong> ca. <strong data-start=\"1189\" data-end=\"1209\">20 x 30 x 1,2 cm<\/strong><\/li>\n<li data-start=\"1212\" data-end=\"1293\"><strong data-start=\"1214\" data-end=\"1232\">Eigenschaften:<\/strong> <strong data-start=\"1233\" data-end=\"1250\">Mit Saftrille<\/strong>, schont Messer, langlebig und hygienisch<\/li>\n<li data-start=\"1294\" data-end=\"1366\"><strong data-start=\"1296\" data-end=\"1318\">Vielseitig nutzbar<\/strong> als Schneide-, Servier- oder Dekorationsbrett<\/li>\n<\/ul>\n<p>&nbsp;<\/p>\n<p>Das <strong>K\u00fcstenbrett<\/strong>\u00a0ist nicht nur einzeln erh\u00e4ltlich, sondern auch Teil des <a href=\"\/shop\/product\/groot-freudenpak-grosse-freude-in-einem-korb\/\"><strong data-start=\"100\" data-end=\"137\">Geschenkekorbs \u201eGroot Freudenpak\u201c<\/strong><\/a>, der eine exklusive Auswahl an nachhaltigen und stilvollen Alltagsbegleitern vereint.<\/p>\n","protected":false},"excerpt":{"rendered":"<p>Dieses hochwertige <strong data-start=\"1538\" data-end=\"1582\">Schneidebrett aus naturbelassenem Bambus<\/strong> vereint Funktionalit\u00e4t mit nordfriesischem Charme. Mit einer <strong data-start=\"1644\" data-end=\"1668\">Gr\u00f6\u00dfe von 20 x 30 cm<\/strong> und einer praktischen <strong data-start=\"1691\" data-end=\"1704\">Saftrille<\/strong> sorgt es f\u00fcr eine saubere Arbeitsfl\u00e4che. Das <strong data-start=\"1750\" data-end=\"1779\">Westcoast Northfreezeland<\/strong>-Design macht es nicht nur zu einem praktischen K\u00fcchenhelfer, sondern auch zu einem dekorativen Highlight. Messerfreundlich, langlebig und perfekt f\u00fcr den t\u00e4glichen Gebrauch.<\/p>\n","protected":false},"featured_media":6646,"comment_status":"closed","ping_status":"closed","template":"","meta":{"_acf_changed":false},"product_cat":[270,289,295,301,310],"product_tag":[],"class_list":{"0":"post-6645","1":"product","2":"type-product","3":"status-publish","4":"has-post-thumbnail","6":"product_cat-westcoast-northfreezeland","7":"product_cat-westcoast-northfreezeland-herren-accessories","8":"product_cat-westcoast-northfreezeland-damen-accessories","9":"product_cat-westcoast-northfreezeland-kids-accessoires","10":"product_cat-accessoires","12":"first","13":"instock","14":"taxable","15":"shipping-taxable","16":"purchasable","17":"product-type-simple"},"acf":[],"_links":{"self":[{"href":"https:\/\/www.calmwear.de\/shop\/wp-json\/wp\/v2\/product\/6645","targetHints":{"allow":["GET"]}}],"collection":[{"href":"https:\/\/www.calmwear.de\/shop\/wp-json\/wp\/v2\/product"}],"about":[{"href":"https:\/\/www.calmwear.de\/shop\/wp-json\/wp\/v2\/types\/product"}],"replies":[{"embeddable":true,"href":"https:\/\/www.calmwear.de\/shop\/wp-json\/wp\/v2\/comments?post=6645"}],"wp:featuredmedia":[{"embeddable":true,"href":"https:\/\/www.calmwear.de\/shop\/wp-json\/wp\/v2\/media\/6646"}],"wp:attachment":[{"href":"https:\/\/www.calmwear.de\/shop\/wp-json\/wp\/v2\/media?parent=6645"}],"wp:term":[{"taxonomy":"product_cat","embeddable":true,"href":"https:\/\/www.calmwear.de\/shop\/wp-json\/wp\/v2\/product_cat?post=6645"},{"taxonomy":"product_tag","embeddable":true,"href":"https:\/\/www.calmwear.de\/shop\/wp-json\/wp\/v2\/product_tag?post=6645"}],"curies":[{"name":"wp","href":"https:\/\/api.w.org\/{rel}","templated":true}]}}