{"id":6661,"date":"2025-02-25T17:39:48","date_gmt":"2025-02-25T16:39:48","guid":{"rendered":"https:\/\/www.calmwear.de\/shop\/?post_type=product&#038;p=6661"},"modified":"2025-02-27T18:55:20","modified_gmt":"2025-02-27T17:55:20","slug":"edelstahl-thermoflasche-mit-kork","status":"publish","type":"product","link":"https:\/\/www.calmwear.de\/shop\/produkt\/edelstahl-thermoflasche-mit-kork\/","title":{"rendered":"Edelstahl-Thermoflasche mit Kork"},"content":{"rendered":"<p data-start=\"94\" data-end=\"407\">Diese <strong data-start=\"100\" data-end=\"139\">hochwertige Edelstahl-Thermoflasche<\/strong> kombiniert Funktionalit\u00e4t mit einem stilvollen, nachhaltigen Look. Sie wurde aus <strong data-start=\"221\" data-end=\"249\">recyceltem Edelstahl 304<\/strong> gefertigt und \u00fcberzeugt durch ihre <strong data-start=\"285\" data-end=\"309\">doppelte Isolierwand<\/strong>, die Getr\u00e4nke stundenlang hei\u00df oder kalt h\u00e4lt \u2013 perfekt f\u00fcr unterwegs, im B\u00fcro oder beim Sport.<\/p>\n<p data-start=\"409\" data-end=\"787\">Der <strong data-start=\"413\" data-end=\"442\">Flaschendeckel aus Bambus<\/strong> mit <strong data-start=\"447\" data-end=\"498\">Lasergravur des Westcoast Northfreezeland-Logos<\/strong> verleiht ihr eine besondere, nordische Note. Der <strong data-start=\"548\" data-end=\"574\">rutschfeste Korksockel<\/strong> sorgt f\u00fcr einen sicheren Stand und sch\u00fctzt Oberfl\u00e4chen vor Kratzern. Die matte, <strong data-start=\"655\" data-end=\"685\">wei\u00dfe Edelstahl-Oberfl\u00e4che<\/strong> macht die Flasche nicht nur langlebig, sondern verleiht ihr auch ein modernes und elegantes Design.<\/p>\n<p data-start=\"789\" data-end=\"968\">Ob hei\u00dfer Kaffee am Morgen oder erfrischendes Wasser unterwegs \u2013 mit dieser <strong data-start=\"865\" data-end=\"895\">nachhaltigen Thermoflasche<\/strong> hast du dein Lieblingsgetr\u00e4nk immer in der richtigen Temperatur dabei.<\/p>\n<ul data-start=\"998\" data-end=\"1406\">\n<li data-start=\"998\" data-end=\"1107\"><strong data-start=\"1000\" data-end=\"1013\">Material:<\/strong> <strong data-start=\"1014\" data-end=\"1042\">Recycelter Edelstahl 304<\/strong>, <strong data-start=\"1044\" data-end=\"1076\">Bambusdeckel mit Lasergravur<\/strong>, <strong data-start=\"1078\" data-end=\"1105\">rutschfester Korksockel<\/strong><\/li>\n<li data-start=\"1108\" data-end=\"1212\"><strong data-start=\"1110\" data-end=\"1121\">Design:<\/strong> <strong data-start=\"1122\" data-end=\"1151\">Westcoast Northfreezeland<\/strong>-Logo auf dem Deckel, elegantes <strong data-start=\"1183\" data-end=\"1210\">wei\u00dfes Edelstahl-Finish<\/strong><\/li>\n<li data-start=\"1213\" data-end=\"1249\"><strong data-start=\"1215\" data-end=\"1236\">Fassungsverm\u00f6gen:<\/strong> <strong data-start=\"1237\" data-end=\"1247\">650 ml<\/strong><\/li>\n<li data-start=\"1250\" data-end=\"1284\"><strong data-start=\"1252\" data-end=\"1261\">Ma\u00dfe:<\/strong> <strong data-start=\"1262\" data-end=\"1282\">26,7 cm x 7,2 cm<\/strong><\/li>\n<li data-start=\"1285\" data-end=\"1406\"><strong data-start=\"1287\" data-end=\"1305\">Eigenschaften:<\/strong> <strong data-start=\"1306\" data-end=\"1330\">Doppelte Isolierwand<\/strong>, h\u00e4lt Getr\u00e4nke stundenlang hei\u00df oder kalt, umweltfreundlich und langlebig<\/li>\n<li data-start=\"1285\" data-end=\"1406\"><strong>Handw\u00e4sche empfohlen<\/strong>, um die Qualit\u00e4t der <strong data-start=\"1476\" data-end=\"1511\">Lasergravur und des Korksockels<\/strong> zu erhalten.<\/li>\n<\/ul>\n<p>&nbsp;<\/p>\n<p>Die <strong data-start=\"4\" data-end=\"46\">Edelstahl-Thermoflasche mit Korksockel<\/strong> ist nicht nur einzeln erh\u00e4ltlich, sondern auch Teil des <a href=\"\/shop\/product\/luett-freudenpak-kleine-freude-grosse-wirkung\/\"><strong data-start=\"103\" data-end=\"139\">Geschenkekorbs \u201eL\u00fctt Freudenpak\u201c<\/strong><\/a>, der mit einer handverlesenen Auswahl an stilvollen und nachhaltigen Produkten f\u00fcr besondere Wohlf\u00fchlmomente sorgt.<\/p>\n","protected":false},"excerpt":{"rendered":"<p>Diese <strong data-start=\"1563\" data-end=\"1602\">nachhaltige Edelstahl-Thermoflasche<\/strong> \u00fcberzeugt mit <strong data-start=\"1617\" data-end=\"1646\">doppelwandiger Isolierung<\/strong>, einem stilvollen <strong data-start=\"1665\" data-end=\"1718\">Bambusdeckel mit Westcoast Northfreezeland-Gravur<\/strong> und einem <strong data-start=\"1729\" data-end=\"1756\">rutschfesten Korksockel<\/strong>. Sie h\u00e4lt Getr\u00e4nke stundenlang hei\u00df oder kalt und ist perfekt f\u00fcr den Alltag, Sport oder Reisen. Fassungsverm\u00f6gen: <strong data-start=\"1872\" data-end=\"1882\">650 ml<\/strong>, langlebig, umweltfreundlich und elegant.<\/p>\n","protected":false},"featured_media":6662,"comment_status":"closed","ping_status":"closed","template":"","meta":{"_acf_changed":false},"product_cat":[270,289,295,301,310],"product_tag":[],"class_list":{"0":"post-6661","1":"product","2":"type-product","3":"status-publish","4":"has-post-thumbnail","6":"product_cat-westcoast-northfreezeland","7":"product_cat-westcoast-northfreezeland-herren-accessories","8":"product_cat-westcoast-northfreezeland-damen-accessories","9":"product_cat-westcoast-northfreezeland-kids-accessoires","10":"product_cat-accessoires","12":"first","13":"instock","14":"taxable","15":"shipping-taxable","16":"purchasable","17":"product-type-simple"},"acf":[],"_links":{"self":[{"href":"https:\/\/www.calmwear.de\/shop\/wp-json\/wp\/v2\/product\/6661","targetHints":{"allow":["GET"]}}],"collection":[{"href":"https:\/\/www.calmwear.de\/shop\/wp-json\/wp\/v2\/product"}],"about":[{"href":"https:\/\/www.calmwear.de\/shop\/wp-json\/wp\/v2\/types\/product"}],"replies":[{"embeddable":true,"href":"https:\/\/www.calmwear.de\/shop\/wp-json\/wp\/v2\/comments?post=6661"}],"wp:featuredmedia":[{"embeddable":true,"href":"https:\/\/www.calmwear.de\/shop\/wp-json\/wp\/v2\/media\/6662"}],"wp:attachment":[{"href":"https:\/\/www.calmwear.de\/shop\/wp-json\/wp\/v2\/media?parent=6661"}],"wp:term":[{"taxonomy":"product_cat","embeddable":true,"href":"https:\/\/www.calmwear.de\/shop\/wp-json\/wp\/v2\/product_cat?post=6661"},{"taxonomy":"product_tag","embeddable":true,"href":"https:\/\/www.calmwear.de\/shop\/wp-json\/wp\/v2\/product_tag?post=6661"}],"curies":[{"name":"wp","href":"https:\/\/api.w.org\/{rel}","templated":true}]}}