{"id":6680,"date":"2025-02-27T18:45:58","date_gmt":"2025-02-27T17:45:58","guid":{"rendered":"https:\/\/www.calmwear.de\/shop\/?post_type=product&#038;p=6680"},"modified":"2025-02-27T18:56:43","modified_gmt":"2025-02-27T17:56:43","slug":"luett-freudenpak-kleine-freude-grosse-wirkung","status":"publish","type":"product","link":"https:\/\/www.calmwear.de\/shop\/produkt\/luett-freudenpak-kleine-freude-grosse-wirkung\/","title":{"rendered":"L\u00fctt Freudenpak \u2013 Kleine Freude, gro\u00dfe Wirkung"},"content":{"rendered":"<p data-start=\"74\" data-end=\"350\">Der <strong data-start=\"78\" data-end=\"113\">Geschenkekorb \u201eL\u00fctt Freudenpak\u201c<\/strong> ist die perfekte Wahl f\u00fcr alle, die <strong data-start=\"150\" data-end=\"185\">Nachhaltigkeit, Stil und Genuss<\/strong> miteinander verbinden m\u00f6chten. Mit drei hochwertigen Produkten bietet dieses Set eine <strong data-start=\"272\" data-end=\"302\">kleine, aber feine Auswahl<\/strong>, die f\u00fcr <strong data-start=\"312\" data-end=\"341\">Wohlf\u00fchlmomente im Alltag<\/strong> sorgt.<\/p>\n<p data-start=\"352\" data-end=\"685\">Jedes enthaltene Produkt ist nicht nur <strong data-start=\"391\" data-end=\"419\">funktional und langlebig<\/strong>, sondern auch mit dem <strong data-start=\"442\" data-end=\"497\">charakteristischen Westcoast Northfreezeland Design<\/strong> veredelt \u2013 inspiriert von der rauen, aber wundersch\u00f6nen K\u00fcstenregion Nordfrieslands. Ob als <strong data-start=\"590\" data-end=\"629\">Geschenk oder kleine Aufmerksamkeit<\/strong> f\u00fcr sich selbst \u2013 dieser Korb sorgt f\u00fcr gro\u00dfe Freude!<\/p>\n<h3 data-start=\"687\" data-end=\"723\"><strong data-start=\"691\" data-end=\"721\">Inhalt des Geschenkekorbs:<\/strong><\/h3>\n<p data-start=\"728\" data-end=\"760\"><a href=\"\/shop\/product\/duftkerze-mit-bambusdeckel\/\"><strong data-start=\"728\" data-end=\"758\">Duftkerze mit Bambusdeckel<\/strong><\/a><\/p>\n<ul>\n<li><strong data-start=\"766\" data-end=\"782\">Edles Design<\/strong> mit stilvollem <strong data-start=\"798\" data-end=\"814\">Bambusdeckel<\/strong><\/li>\n<li><strong data-start=\"822\" data-end=\"844\">Zarter Vanilleduft<\/strong> f\u00fcr eine warme, einladende Atmosph\u00e4re<\/li>\n<li><strong data-start=\"890\" data-end=\"932\">Perfekt als Deko-Element oder Geschenk<\/strong><\/li>\n<li><strong data-start=\"940\" data-end=\"950\">Gr\u00f6\u00dfe:<\/strong> ca. <strong data-start=\"955\" data-end=\"978\">\u00d8 7 cm, H\u00f6he 8,8 cm<\/strong><\/li>\n<\/ul>\n<p>&nbsp;<\/p>\n<p data-start=\"985\" data-end=\"1023\"><a href=\"\/shop\/product\/edelstahl-thermoflasche-mit-kork\/\"><strong data-start=\"985\" data-end=\"1021\">Edelstahl-Thermoflasche mit Kork<\/strong><\/a><\/p>\n<ul>\n<li><strong data-start=\"1029\" data-end=\"1070\">Hochwertiger recycelter Edelstahl 304<\/strong>, langlebig &amp; nachhaltig<\/li>\n<li><strong data-start=\"1102\" data-end=\"1126\">Doppelte Isolierwand<\/strong>, h\u00e4lt Getr\u00e4nke stundenlang hei\u00df oder kalt<\/li>\n<li><strong data-start=\"1176\" data-end=\"1238\">Deckel mit Lasergravur des Westcoast Northfreezeland-Logos<\/strong><\/li>\n<li><strong data-start=\"1246\" data-end=\"1273\">Rutschfester Korksockel<\/strong> f\u00fcr sicheren Stand<\/li>\n<li><strong data-start=\"1300\" data-end=\"1321\">Fassungsverm\u00f6gen:<\/strong> <strong data-start=\"1322\" data-end=\"1332\">650 ml<\/strong>, Ma\u00dfe: <strong data-start=\"1340\" data-end=\"1360\">26,7 cm x 7,2 cm<\/strong><\/li>\n<\/ul>\n<p>&nbsp;<\/p>\n<p data-start=\"1367\" data-end=\"1400\"><a href=\"\/shop\/product\/keramik-tasse-mit-korkboden\/\"><strong data-start=\"1367\" data-end=\"1398\">Keramik-Tasse mit Korkboden<\/strong><\/a><\/p>\n<ul>\n<li><strong data-start=\"1406\" data-end=\"1455\">Hochwertige Keramik mit gl\u00e4nzender Oberfl\u00e4che<\/strong><\/li>\n<li><strong data-start=\"1463\" data-end=\"1488\">Abnehmbarer Korkboden<\/strong>, sch\u00fctzt Oberfl\u00e4chen vor Hitze<\/li>\n<li><strong data-start=\"1527\" data-end=\"1568\">Westcoast Northfreezeland Schaf-Motiv<\/strong> f\u00fcr einzigartigen Look<\/li>\n<li><strong data-start=\"1599\" data-end=\"1620\">Fassungsverm\u00f6gen:<\/strong> <strong data-start=\"1621\" data-end=\"1631\">320 ml<\/strong>, Ma\u00dfe: <strong data-start=\"1639\" data-end=\"1662\">H\u00f6he 96 mm, \u00d8 82 mm<\/strong><\/li>\n<\/ul>\n","protected":false},"excerpt":{"rendered":"<p>Der <strong data-start=\"2069\" data-end=\"2104\">Geschenkekorb \u201eL\u00fctt Freudenpak\u201c<\/strong> kombiniert <strong data-start=\"2116\" data-end=\"2153\">hochwertige, nachhaltige Produkte<\/strong> mit stilvollem Design. Enthalten sind eine <strong data-start=\"2197\" data-end=\"2309\">Duftkerze mit Bambusdeckel, eine Edelstahl-Thermoflasche mit Korksockel und eine Keramik-Tasse mit Korkboden<\/strong> \u2013 alle mit dem ikonischen <strong data-start=\"2336\" data-end=\"2372\">Westcoast Northfreezeland Design<\/strong> veredelt. Perfekt als <strong data-start=\"2395\" data-end=\"2449\">Geschenk oder f\u00fcr kleine Wohlf\u00fchlmomente im Alltag<\/strong>.<\/p>\n","protected":false},"featured_media":6681,"comment_status":"closed","ping_status":"closed","template":"","meta":{"_acf_changed":false},"product_cat":[302],"product_tag":[],"class_list":{"0":"post-6680","1":"product","2":"type-product","3":"status-publish","4":"has-post-thumbnail","6":"product_cat-westcoast-northfreezeland-gutscheine","8":"first","9":"instock","10":"taxable","11":"shipping-taxable","12":"purchasable","13":"product-type-simple"},"acf":[],"_links":{"self":[{"href":"https:\/\/www.calmwear.de\/shop\/wp-json\/wp\/v2\/product\/6680","targetHints":{"allow":["GET"]}}],"collection":[{"href":"https:\/\/www.calmwear.de\/shop\/wp-json\/wp\/v2\/product"}],"about":[{"href":"https:\/\/www.calmwear.de\/shop\/wp-json\/wp\/v2\/types\/product"}],"replies":[{"embeddable":true,"href":"https:\/\/www.calmwear.de\/shop\/wp-json\/wp\/v2\/comments?post=6680"}],"wp:featuredmedia":[{"embeddable":true,"href":"https:\/\/www.calmwear.de\/shop\/wp-json\/wp\/v2\/media\/6681"}],"wp:attachment":[{"href":"https:\/\/www.calmwear.de\/shop\/wp-json\/wp\/v2\/media?parent=6680"}],"wp:term":[{"taxonomy":"product_cat","embeddable":true,"href":"https:\/\/www.calmwear.de\/shop\/wp-json\/wp\/v2\/product_cat?post=6680"},{"taxonomy":"product_tag","embeddable":true,"href":"https:\/\/www.calmwear.de\/shop\/wp-json\/wp\/v2\/product_tag?post=6680"}],"curies":[{"name":"wp","href":"https:\/\/api.w.org\/{rel}","templated":true}]}}