{"id":6689,"date":"2025-03-06T17:09:31","date_gmt":"2025-03-06T16:09:31","guid":{"rendered":"https:\/\/www.calmwear.de\/shop\/?post_type=product&#038;p=6689"},"modified":"2025-03-06T17:11:07","modified_gmt":"2025-03-06T16:11:07","slug":"pure-beanie","status":"publish","type":"product","link":"https:\/\/www.calmwear.de\/shop\/produkt\/pure-beanie\/","title":{"rendered":"Pure Beanie"},"content":{"rendered":"<p data-start=\"84\" data-end=\"433\">Die <strong data-start=\"88\" data-end=\"103\">Pure Beanie<\/strong> vereint <strong data-start=\"112\" data-end=\"139\">nachhaltige Materialien<\/strong>, <strong data-start=\"141\" data-end=\"158\">modernen Look<\/strong> und nordfriesischen Charme. Gefertigt aus <strong data-start=\"201\" data-end=\"225\">recyceltem Polyester<\/strong> und <strong data-start=\"230\" data-end=\"243\" data-is-only-node=\"\">Polyacryl<\/strong>, bietet sie <strong data-start=\"256\" data-end=\"283\">angenehmen Tragekomfort<\/strong> und h\u00e4lt dank ihrer <strong data-start=\"304\" data-end=\"334\">doppellagigen Verarbeitung<\/strong> zuverl\u00e4ssig warm \u2013 perfekt f\u00fcr windige Tage an der K\u00fcste oder gem\u00fctliche Spazierg\u00e4nge im Winter.<\/p>\n<p data-start=\"435\" data-end=\"788\">Ein besonderes Highlight ist der <strong data-start=\"468\" data-end=\"529\">Lederpatch mit dem Kult-Schaf \u201eWestcoast Northfreezeland\u201c<\/strong>, das diese Beanie zu einem echten Hingucker macht. Die Kombination aus <strong data-start=\"601\" data-end=\"635\">schlichtem, einfarbigem Design<\/strong> und dem liebevollen Detail verleiht der M\u00fctze einen <strong data-start=\"688\" data-end=\"715\">individuellen Charakter<\/strong> und bringt ein St\u00fcck <strong data-start=\"737\" data-end=\"765\">nordfriesische Lebensart<\/strong> direkt auf den Kopf.<\/p>\n<p data-start=\"790\" data-end=\"941\">Zudem ist die Beanie <strong data-start=\"811\" data-end=\"850\">OEKO-TEX\u00ae STANDARD 100-zertifiziert<\/strong>, was bedeutet, dass sie auf <strong data-start=\"879\" data-end=\"902\">Schadstoffe gepr\u00fcft<\/strong> und gesundheitlich unbedenklich ist.<\/p>\n<ul>\n<li data-start=\"971\" data-end=\"1032\"><strong data-start=\"973\" data-end=\"986\">Material:<\/strong> 60% <strong data-start=\"991\" data-end=\"1015\">recyceltes Polyester<\/strong>, 40% Polyacryl<\/li>\n<li data-start=\"1033\" data-end=\"1113\"><strong data-start=\"1035\" data-end=\"1046\">Design:<\/strong> <strong data-start=\"1047\" data-end=\"1060\">Einfarbig<\/strong> mit <strong data-start=\"1065\" data-end=\"1111\">Lederpatch Westcoast Northfreezeland Schaf<\/strong><\/li>\n<li data-start=\"1114\" data-end=\"1166\"><strong data-start=\"1116\" data-end=\"1126\">Gr\u00f6\u00dfe:<\/strong> <strong data-start=\"1127\" data-end=\"1139\">One Size<\/strong> \u2013 passt sich flexibel an<\/li>\n<li data-start=\"1167\" data-end=\"1220\"><strong data-start=\"1169\" data-end=\"1186\">Verarbeitung:<\/strong> <strong data-start=\"1187\" data-end=\"1202\">Doppellagig<\/strong> f\u00fcr extra W\u00e4rme<\/li>\n<li data-start=\"1221\" data-end=\"1271\"><strong data-start=\"1223\" data-end=\"1242\">Zertifizierung:<\/strong> <strong data-start=\"1243\" data-end=\"1269\">OEKO-TEX\u00ae STANDARD 100<\/strong><\/li>\n<li data-start=\"1272\" data-end=\"1312\"><strong data-start=\"1274\" data-end=\"1285\">Pflege:<\/strong> <strong data-start=\"1286\" data-end=\"1310\">Handw\u00e4sche empfohlen<\/strong><\/li>\n<\/ul>\n<p data-start=\"790\" data-end=\"941\">\n","protected":false},"excerpt":{"rendered":"<p>Die <strong data-start=\"1346\" data-end=\"1361\">Pure Beanie<\/strong> aus <strong data-start=\"1366\" data-end=\"1404\">recyceltem Polyester und Polyacryl<\/strong> vereint schlichten Stil mit nordfriesischem Charme. Der <strong data-start=\"1461\" data-end=\"1522\">Lederpatch mit dem Kult-Schaf \u201eWestcoast Northfreezeland\u201c<\/strong> macht sie zu einem echten Hingucker. <strong data-start=\"1560\" data-end=\"1575\">Doppellagig<\/strong>, <strong data-start=\"1577\" data-end=\"1588\">w\u00e4rmend<\/strong> und <strong data-start=\"1593\" data-end=\"1632\" data-is-only-node=\"\">OEKO-TEX\u00ae STANDARD 100-zertifiziert<\/strong> \u2013 nachhaltig, bequem und einfach besonders.<\/p>\n","protected":false},"featured_media":6701,"comment_status":"closed","ping_status":"closed","template":"","meta":{"_acf_changed":false},"product_cat":[270,288,294],"product_tag":[],"class_list":{"0":"post-6689","1":"product","2":"type-product","3":"status-publish","4":"has-post-thumbnail","6":"product_cat-westcoast-northfreezeland","7":"product_cat-westcoast-northfreezeland-herren-caps-muetzen","8":"product_cat-westcoast-northfreezeland-damen-caps-muetzen","10":"first","11":"instock","12":"taxable","13":"shipping-taxable","14":"purchasable","15":"product-type-variable"},"acf":[],"_links":{"self":[{"href":"https:\/\/www.calmwear.de\/shop\/wp-json\/wp\/v2\/product\/6689","targetHints":{"allow":["GET"]}}],"collection":[{"href":"https:\/\/www.calmwear.de\/shop\/wp-json\/wp\/v2\/product"}],"about":[{"href":"https:\/\/www.calmwear.de\/shop\/wp-json\/wp\/v2\/types\/product"}],"replies":[{"embeddable":true,"href":"https:\/\/www.calmwear.de\/shop\/wp-json\/wp\/v2\/comments?post=6689"}],"wp:featuredmedia":[{"embeddable":true,"href":"https:\/\/www.calmwear.de\/shop\/wp-json\/wp\/v2\/media\/6701"}],"wp:attachment":[{"href":"https:\/\/www.calmwear.de\/shop\/wp-json\/wp\/v2\/media?parent=6689"}],"wp:term":[{"taxonomy":"product_cat","embeddable":true,"href":"https:\/\/www.calmwear.de\/shop\/wp-json\/wp\/v2\/product_cat?post=6689"},{"taxonomy":"product_tag","embeddable":true,"href":"https:\/\/www.calmwear.de\/shop\/wp-json\/wp\/v2\/product_tag?post=6689"}],"curies":[{"name":"wp","href":"https:\/\/api.w.org\/{rel}","templated":true}]}}