{"id":6703,"date":"2025-04-02T12:31:48","date_gmt":"2025-04-02T10:31:48","guid":{"rendered":"https:\/\/www.calmwear.de\/shop\/?post_type=product&#038;p=6703"},"modified":"2025-04-02T12:32:58","modified_gmt":"2025-04-02T10:32:58","slug":"luettlueued-calm-hoodie","status":"publish","type":"product","link":"https:\/\/www.calmwear.de\/shop\/produkt\/luettlueued-calm-hoodie\/","title":{"rendered":"L\u00fcttl\u00fc\u00fcd \u2013 Calm Hoodie"},"content":{"rendered":"<p data-start=\"281\" data-end=\"590\">Der <strong data-start=\"285\" data-end=\"304\">L\u00fcttl\u00fc\u00fcd-Hoodie<\/strong> bringt die <strong data-start=\"316\" data-end=\"346\">Ruhe und Weite der Nordsee<\/strong> direkt in den Kleiderschrank. Mit seinem neuen <strong data-start=\"394\" data-end=\"409\">Calm Design<\/strong> erz\u00e4hlt er die Geschichte von <strong data-start=\"440\" data-end=\"458\">sanften Wellen<\/strong>, die sich an den Strand schmiegen \u2013 genau wie kleine Abenteurer sich nach einem langen Tag in diesen gem\u00fctlichen Hoodie kuscheln.<\/p>\n<p data-start=\"592\" data-end=\"908\">Das Design mit den <strong data-start=\"611\" data-end=\"638\">flie\u00dfenden Wellenlinien<\/strong> und dem Slogan <strong data-start=\"654\" data-end=\"697\">born by the sea \u2013 resting in the breeze<\/strong> f\u00e4ngt die <strong data-start=\"708\" data-end=\"747\">entspannte Gelassenheit des Nordens<\/strong> perfekt ein und verbindet sie mit einem modernen, minimalistischen Look. Ein Hoodie, der nicht nur warm h\u00e4lt, sondern auch ein <strong data-start=\"875\" data-end=\"905\">Lebensgef\u00fchl transportiert<\/strong>.<\/p>\n<p data-start=\"910\" data-end=\"1265\">Hergestellt aus einer weichen Mischung aus <strong data-start=\"953\" data-end=\"988\">65% Baumwolle und 35% Polyester<\/strong> bietet der Hoodie eine angenehme <strong data-start=\"1022\" data-end=\"1048\">Grammatur von 300 g\/m\u00b2<\/strong> \u2013 ideal f\u00fcr k\u00fchle Tage, drinnen wie drau\u00dfen. Die <strong data-start=\"1098\" data-end=\"1120\">Kapuze ohne Kordel<\/strong> sorgt f\u00fcr <strong data-start=\"1131\" data-end=\"1158\">kindgerechte Sicherheit<\/strong>, w\u00e4hrend die <strong data-start=\"1172\" data-end=\"1192\">faire Produktion<\/strong> sicherstellt, dass der Hoodie mit gutem Gewissen getragen werden kann.<\/p>\n<p data-start=\"1267\" data-end=\"1393\">Ob am Strand, auf dem Spielplatz oder gem\u00fctlich zu Hause \u2013 der <strong data-start=\"1330\" data-end=\"1349\">L\u00fcttl\u00fc\u00fcd-Hoodie<\/strong> steht f\u00fcr <strong data-start=\"1360\" data-end=\"1390\">Wohlf\u00fchlen mit K\u00fcstenflair<\/strong>.<\/p>\n<ul>\n<li data-start=\"0\" data-end=\"47\" data-is-only-node=\"\"><strong data-start=\"2\" data-end=\"15\" data-is-only-node=\"\">Material:<\/strong> 65% Baumwolle \/ 35% Polyester<\/li>\n<li data-start=\"48\" data-end=\"75\"><strong data-start=\"50\" data-end=\"64\" data-is-only-node=\"\">Grammatur:<\/strong> 300 g\/m\u00b2<\/li>\n<li data-start=\"76\" data-end=\"128\"><strong data-start=\"78\" data-end=\"97\" data-is-only-node=\"\">Zertifizierung:<\/strong> <strong data-start=\"98\" data-end=\"126\">Faire Arbeitsbedingungen<\/strong><\/li>\n<li data-start=\"129\" data-end=\"162\"><strong data-start=\"131\" data-end=\"142\" data-is-only-node=\"\">Design:<\/strong> 1-farbig, meliert<\/li>\n<li data-start=\"163\" data-end=\"226\"><strong data-start=\"165\" data-end=\"181\" data-is-only-node=\"\">Ausstattung:<\/strong> <strong data-start=\"182\" data-end=\"204\">Kapuze ohne Kordel<\/strong> f\u00fcr mehr Sicherheit<\/li>\n<li data-start=\"227\" data-end=\"248\"><strong data-start=\"229\" data-end=\"239\" data-is-only-node=\"\">\u00c4rmel:<\/strong> Set-In<\/li>\n<li data-start=\"249\" data-end=\"308\"><strong data-start=\"251\" data-end=\"262\" data-is-only-node=\"\">Gr\u00f6\u00dfen:<\/strong> 110\/116, 122\/128, 134\/140, 146\/152, 158\/164<\/li>\n<li data-start=\"309\" data-end=\"362\"><strong data-start=\"311\" data-end=\"329\" data-is-only-node=\"\">Eigenschaften:<\/strong> Weich, bequem, strapazierf\u00e4hig<\/li>\n<li data-start=\"363\" data-end=\"417\"><strong data-start=\"365\" data-end=\"376\" data-is-only-node=\"\">Pflege:<\/strong> Waschbar bei 30 \u00b0C, <strong data-start=\"397\" data-end=\"415\">b\u00fcgeln erlaubt<\/strong>, um den Druck zu erhalten ohne Weichsp\u00fcler waschen<\/li>\n<\/ul>\n<p data-start=\"1125\" data-end=\"1192\">\n","protected":false},"excerpt":{"rendered":"<p>Der L\u00fcttl\u00fc\u00fcd-Hoodie bringt <strong>nordische Gelassenheit<\/strong> in den Alltag kleiner Abenteurer. Mit seinem <strong>sanften Wellen-Design<\/strong> und dem Slogan <strong><em data-start=\"229\" data-end=\"270\">born by the sea \u2013 resting in the breeze<\/em><\/strong> verbindet er gem\u00fctlichen Tragekomfort mit maritimem Flair. Hergestellt aus einer <strong>weichen Baumwoll-Polyester-Mischung<\/strong>, mit <strong>kindgerechter Kapuze <\/strong>und <strong>fair produziert<\/strong> \u2013 ideal f\u00fcr den Alltag.<\/p>\n","protected":false},"featured_media":6855,"comment_status":"closed","ping_status":"closed","template":"","meta":{"_acf_changed":false},"product_cat":[269,280],"product_tag":[],"class_list":{"0":"post-6703","1":"product","2":"type-product","3":"status-publish","4":"has-post-thumbnail","6":"product_cat-calmwear","7":"product_cat-calmwear-kids-hoodies","9":"first","10":"instock","11":"taxable","12":"shipping-taxable","13":"purchasable","14":"product-type-variable"},"acf":[],"_links":{"self":[{"href":"https:\/\/www.calmwear.de\/shop\/wp-json\/wp\/v2\/product\/6703","targetHints":{"allow":["GET"]}}],"collection":[{"href":"https:\/\/www.calmwear.de\/shop\/wp-json\/wp\/v2\/product"}],"about":[{"href":"https:\/\/www.calmwear.de\/shop\/wp-json\/wp\/v2\/types\/product"}],"replies":[{"embeddable":true,"href":"https:\/\/www.calmwear.de\/shop\/wp-json\/wp\/v2\/comments?post=6703"}],"wp:featuredmedia":[{"embeddable":true,"href":"https:\/\/www.calmwear.de\/shop\/wp-json\/wp\/v2\/media\/6855"}],"wp:attachment":[{"href":"https:\/\/www.calmwear.de\/shop\/wp-json\/wp\/v2\/media?parent=6703"}],"wp:term":[{"taxonomy":"product_cat","embeddable":true,"href":"https:\/\/www.calmwear.de\/shop\/wp-json\/wp\/v2\/product_cat?post=6703"},{"taxonomy":"product_tag","embeddable":true,"href":"https:\/\/www.calmwear.de\/shop\/wp-json\/wp\/v2\/product_tag?post=6703"}],"curies":[{"name":"wp","href":"https:\/\/api.w.org\/{rel}","templated":true}]}}