{"id":6804,"date":"2025-03-29T11:20:13","date_gmt":"2025-03-29T10:20:13","guid":{"rendered":"https:\/\/www.calmwear.de\/shop\/?post_type=product&#038;p=6804"},"modified":"2025-03-29T11:22:52","modified_gmt":"2025-03-29T10:22:52","slug":"kordbueddel-calm","status":"publish","type":"product","link":"https:\/\/www.calmwear.de\/shop\/produkt\/kordbueddel-calm\/","title":{"rendered":"Kordb\u00fcddel &#8211; Calm"},"content":{"rendered":"<p class=\"\" data-start=\"165\" data-end=\"498\">Unsere umweltfreundliche G\u00fcrteltasche aus <strong data-start=\"244\" data-end=\"287\">100 % GOTS-zertifizierter Bio-Baumwolle<\/strong> vereint stilvolles Design mit \u00f6kologischer Verantwortung. Der trendige <strong data-start=\"359\" data-end=\"396\">Kord-Stoff im ausgewaschenen Look<\/strong> verleiht jedem Outfit einen modernen Vintage-Charakter \u2013 ideal f\u00fcr den Alltag, Festivals oder Reisen.<\/p>\n<p class=\"\" data-start=\"500\" data-end=\"883\">Die Tasche \u00fcberzeugt nicht nur optisch, sondern auch funktional: Ein <strong data-start=\"569\" data-end=\"618\">verstellbarer Tragegurt aus dem Hauptmaterial<\/strong> sorgt f\u00fcr angenehmen Sitz, w\u00e4hrend <strong data-start=\"654\" data-end=\"710\">Zugschnalle und Rei\u00dfverschluss aus recyceltem Metall<\/strong> langlebige und nachhaltige Akzente setzen. Das <strong data-start=\"758\" data-end=\"789\">dezente Calmwear-Lederpatch<\/strong> rundet das Design stilvoll ab und macht diese Bauchtasche zu einem bewussten Statement-Piece.<\/p>\n<ul>\n<li data-start=\"929\" data-end=\"992\"><strong data-start=\"929\" data-end=\"942\">Material:<\/strong> 100 % Bio-Baumwolle (Kord), <strong data-start=\"971\" data-end=\"992\">GOTS-zertifiziert<\/strong><\/li>\n<li data-start=\"929\" data-end=\"992\"><strong data-start=\"995\" data-end=\"1005\">Optik:<\/strong> Moderner, ausgewaschener Look<\/li>\n<li data-start=\"1038\" data-end=\"1123\"><strong data-start=\"1038\" data-end=\"1049\">Design:<\/strong> Unisex-G\u00fcrteltasche mit <strong data-start=\"1074\" data-end=\"1101\">verstellbarem Tragegurt<\/strong> aus dem Hauptmaterial<\/li>\n<li data-start=\"1126\" data-end=\"1202\"><strong data-start=\"1126\" data-end=\"1145\">Metallelemente:<\/strong> <strong data-start=\"1146\" data-end=\"1202\">Zugschnalle und Rei\u00dfverschluss aus recyceltem Metall<\/strong><\/li>\n<li data-start=\"1205\" data-end=\"1230\"><strong data-start=\"1205\" data-end=\"1214\">Ma\u00dfe:<\/strong> 25,5 cm x 18 cm<\/li>\n<li data-start=\"1233\" data-end=\"1256\"><strong data-start=\"1233\" data-end=\"1247\">Grammatur:<\/strong> 320 g\/m\u00b2<\/li>\n<li data-start=\"1259\" data-end=\"1278\"><strong data-start=\"1259\" data-end=\"1269\">Gr\u00f6\u00dfe:<\/strong> One Size<\/li>\n<li data-start=\"1281\" data-end=\"1359\"><strong data-start=\"1281\" data-end=\"1296\">Lederpatch:<\/strong> Dezent gebrandetes <strong data-start=\"1316\" data-end=\"1333\">Calmwear-Logo<\/strong> f\u00fcr ein stilvolles Finish<\/li>\n<\/ul>\n","protected":false},"excerpt":{"rendered":"<p>Modisch, praktisch, nachhaltig \u2013 diese G\u00fcrteltasche aus <strong data-start=\"1448\" data-end=\"1471\">100 % Bio-Baumwolle<\/strong> \u00fcberzeugt mit <strong data-start=\"1486\" data-end=\"1514\">ausgewaschenem Kord-Look<\/strong>, recycelten Metallelementen und einem <strong data-start=\"1553\" data-end=\"1585\">dezenten Calmwear-Lederpatch<\/strong>. Dank <strong data-start=\"1592\" data-end=\"1615\">GOTS-Zertifizierung<\/strong> steht sie f\u00fcr h\u00f6chste Umwelt- und Sozialstandards. Ein durchdachtes Unisex-Accessoire, das Funktionalit\u00e4t und Design verbindet.<\/p>\n","protected":false},"featured_media":6812,"comment_status":"closed","ping_status":"closed","template":"","meta":{"_acf_changed":false},"product_cat":[269,309,235,278,283],"product_tag":[],"class_list":{"0":"post-6804","1":"product","2":"type-product","3":"status-publish","4":"has-post-thumbnail","6":"product_cat-calmwear","7":"product_cat-accesoires","8":"product_cat-calmwear-herren-accessories","9":"product_cat-calmwear-damen-accessories","10":"product_cat-calmwear-kids-accessories","12":"first","13":"instock","14":"taxable","15":"shipping-taxable","16":"purchasable","17":"product-type-variable"},"acf":[],"_links":{"self":[{"href":"https:\/\/www.calmwear.de\/shop\/wp-json\/wp\/v2\/product\/6804","targetHints":{"allow":["GET"]}}],"collection":[{"href":"https:\/\/www.calmwear.de\/shop\/wp-json\/wp\/v2\/product"}],"about":[{"href":"https:\/\/www.calmwear.de\/shop\/wp-json\/wp\/v2\/types\/product"}],"replies":[{"embeddable":true,"href":"https:\/\/www.calmwear.de\/shop\/wp-json\/wp\/v2\/comments?post=6804"}],"wp:featuredmedia":[{"embeddable":true,"href":"https:\/\/www.calmwear.de\/shop\/wp-json\/wp\/v2\/media\/6812"}],"wp:attachment":[{"href":"https:\/\/www.calmwear.de\/shop\/wp-json\/wp\/v2\/media?parent=6804"}],"wp:term":[{"taxonomy":"product_cat","embeddable":true,"href":"https:\/\/www.calmwear.de\/shop\/wp-json\/wp\/v2\/product_cat?post=6804"},{"taxonomy":"product_tag","embeddable":true,"href":"https:\/\/www.calmwear.de\/shop\/wp-json\/wp\/v2\/product_tag?post=6804"}],"curies":[{"name":"wp","href":"https:\/\/api.w.org\/{rel}","templated":true}]}}