{"id":7128,"date":"2025-06-10T16:52:07","date_gmt":"2025-06-10T14:52:07","guid":{"rendered":"https:\/\/www.calmwear.de\/shop\/?post_type=product&#038;p=7128"},"modified":"2025-06-10T16:54:30","modified_gmt":"2025-06-10T14:54:30","slug":"calm-wave-tee","status":"publish","type":"product","link":"https:\/\/www.calmwear.de\/shop\/produkt\/calm-wave-tee\/","title":{"rendered":"Calm Wave Tee"},"content":{"rendered":"<p data-start=\"147\" data-end=\"483\">Das <strong data-start=\"151\" data-end=\"168\">Calm Wave Tee<\/strong> verbindet minimalistisches Design mit maritimer Coolness. Der gro\u00dffl\u00e4chige Wellen-Print mit Sonnenmotiv auf der Brust macht Lust auf Meer und Freiheit \u2013 und passt perfekt zu einem modernen, sportlich-urbanen Look. Der figurbetonte, etwas l\u00e4ngere Schnitt sorgt f\u00fcr einen stylischen Sitz, der angenehm zu tragen ist.<\/p>\n<p data-start=\"147\" data-end=\"483\"><strong data-start=\"488\" data-end=\"503\">Unser Tipp:<\/strong> F\u00fcr einen lockeren, l\u00e4ssigen Fit empfehlen wir, <strong data-start=\"552\" data-end=\"573\">eine Gr\u00f6\u00dfe gr\u00f6\u00dfer<\/strong> zu w\u00e4hlen.<\/p>\n<p data-start=\"147\" data-end=\"483\">\n<p data-start=\"586\" data-end=\"598\"><strong data-start=\"586\" data-end=\"598\">Details:<\/strong><\/p>\n<ul>\n<li data-start=\"621\" data-end=\"638\">100\u202f% Baumwolle<\/li>\n<li data-start=\"643\" data-end=\"682\">(Grey: 90\u202f% Baumwolle \/ 10\u202f% Viskose)<\/li>\n<li data-start=\"687\" data-end=\"732\">(Charcoal: 60\u202f% Baumwolle \/ 40\u202f% Polyester)<\/li>\n<li data-start=\"735\" data-end=\"801\"><strong data-start=\"735\" data-end=\"752\">Stoffgewicht:<\/strong> 180\u202fg\/m\u00b2 \u2013 hochwertiger, robuster Jersey-Stoff<\/li>\n<li data-start=\"804\" data-end=\"877\"><strong data-start=\"804\" data-end=\"816\">Schnitt:<\/strong> Slim Fit (k\u00f6rpernah) &amp; Long Cut (etwas l\u00e4nger geschnitten)<\/li>\n<li data-start=\"880\" data-end=\"948\"><strong data-start=\"880\" data-end=\"895\">Ausschnitt:<\/strong> Klassischer Rundhals mit Nackenband f\u00fcr Stabilit\u00e4t<\/li>\n<li data-start=\"951\" data-end=\"979\"><strong data-start=\"951\" data-end=\"961\">\u00c4rmel:<\/strong> Kurzarm, Set-In<\/li>\n<li data-start=\"982\" data-end=\"1036\"><strong data-start=\"982\" data-end=\"999\">Verarbeitung:<\/strong> Mit Seitenn\u00e4hten f\u00fcr gute Passform<\/li>\n<li data-start=\"1039\" data-end=\"1129\"><strong data-start=\"1039\" data-end=\"1050\">Design:<\/strong> Gro\u00dfes CALM-Wellen-Logo vorn, kleiner Logo-Print hinten auf der Schulter, Labelprint am \u00c4rmel<\/li>\n<\/ul>\n<p>&nbsp;<\/p>\n<p data-start=\"1131\" data-end=\"1277\"><strong data-start=\"1131\" data-end=\"1150\">Pflegehinweise:<\/strong><br data-start=\"1150\" data-end=\"1153\" \/>Waschbar bei 30\u202f\u00b0C, b\u00fcgelbar \u2013 f\u00fcr langanhaltende Farben und Form bitte auf links waschen und nicht in den Trockner geben.<\/p>\n<p data-start=\"1279\" data-end=\"1302\"><strong data-start=\"1279\" data-end=\"1300\">Zertifizierungen:<\/strong><\/p>\n<ul>\n<li data-start=\"1305\" data-end=\"1398\"><strong data-start=\"1305\" data-end=\"1362\">OEKO-TEX\u00ae STANDARD 100 (22:HBD.26648 HOHENSTEIN HTTI)<\/strong> \u2013 frei von sch\u00e4dlichen Substanzen<\/li>\n<li data-start=\"1401\" data-end=\"1429\"><strong data-start=\"1401\" data-end=\"1429\">Faire Arbeitsbedingungen<\/strong><\/li>\n<\/ul>\n<p>&nbsp;<\/p>\n<p data-start=\"1431\" data-end=\"1478\"><strong data-start=\"1431\" data-end=\"1442\">Gr\u00f6\u00dfen:<\/strong> XS, S, M, L, XL, XXL, 3XL, 4XL, 5XL<\/p>\n","protected":false},"excerpt":{"rendered":"<p><strong data-start=\"102\" data-end=\"144\">Bereit f\u00fcr deinen neuen Lieblingslook?<\/strong><\/p>\n<p><br data-start=\"144\" data-end=\"147\" \/>Das Calm Wave Tee bringt entspannten K\u00fcstenstil in deinen Alltag. Mit seinem cleanen Wellenprint, dem soften Jersey und nachhaltiger Qualit\u00e4t wird es schnell zu deinem Go-to f\u00fcr sonnige Tage, Citytrips oder den Feierabend am Wasser.<\/p>\n","protected":false},"featured_media":7133,"comment_status":"closed","ping_status":"closed","template":"","meta":{"_acf_changed":false},"product_cat":[269,232,233,273,276],"product_tag":[],"class_list":{"0":"post-7128","1":"product","2":"type-product","3":"status-publish","4":"has-post-thumbnail","6":"product_cat-calmwear","7":"product_cat-calmwear-herren","8":"product_cat-calmwear-herren-t-shirts","9":"product_cat-calmwear-damen","10":"product_cat-calmwear-damen-t-shirts","12":"first","13":"instock","14":"taxable","15":"shipping-taxable","16":"purchasable","17":"product-type-variable"},"acf":[],"_links":{"self":[{"href":"https:\/\/www.calmwear.de\/shop\/wp-json\/wp\/v2\/product\/7128","targetHints":{"allow":["GET"]}}],"collection":[{"href":"https:\/\/www.calmwear.de\/shop\/wp-json\/wp\/v2\/product"}],"about":[{"href":"https:\/\/www.calmwear.de\/shop\/wp-json\/wp\/v2\/types\/product"}],"replies":[{"embeddable":true,"href":"https:\/\/www.calmwear.de\/shop\/wp-json\/wp\/v2\/comments?post=7128"}],"wp:featuredmedia":[{"embeddable":true,"href":"https:\/\/www.calmwear.de\/shop\/wp-json\/wp\/v2\/media\/7133"}],"wp:attachment":[{"href":"https:\/\/www.calmwear.de\/shop\/wp-json\/wp\/v2\/media?parent=7128"}],"wp:term":[{"taxonomy":"product_cat","embeddable":true,"href":"https:\/\/www.calmwear.de\/shop\/wp-json\/wp\/v2\/product_cat?post=7128"},{"taxonomy":"product_tag","embeddable":true,"href":"https:\/\/www.calmwear.de\/shop\/wp-json\/wp\/v2\/product_tag?post=7128"}],"curies":[{"name":"wp","href":"https:\/\/api.w.org\/{rel}","templated":true}]}}