{"id":7165,"date":"2026-02-17T18:42:50","date_gmt":"2026-02-17T17:42:50","guid":{"rendered":"https:\/\/www.calmwear.de\/shop\/?post_type=product&#038;p=7165"},"modified":"2026-02-17T19:22:11","modified_gmt":"2026-02-17T18:22:11","slug":"hoodie-basic-instinct","status":"publish","type":"product","link":"https:\/\/www.calmwear.de\/shop\/produkt\/hoodie-basic-instinct\/","title":{"rendered":"Hoodie &#8211; Basic Instinct"},"content":{"rendered":"<p data-start=\"171\" data-end=\"397\">Der Westcoast Northfreezeland Hoodie vereint stylisches Design mit nachhaltiger Qualit\u00e4t. Mit seinem Frontprint &#8222;Protestschaf&#8220; strahlt er Energie und Gelassenheit zugleich aus \u2013 perfekt f\u00fcr urbane Abenteuer oder entspannte Stunden am Meer.<\/p>\n<p data-start=\"399\" data-end=\"428\"><strong data-start=\"399\" data-end=\"428\">Highlights &amp; Materialien:<\/strong><\/p>\n<ul>\n<li data-start=\"431\" data-end=\"502\"><strong data-start=\"431\" data-end=\"451\">Materialgewicht:<\/strong> 300 g\/m\u00b2 \u2013 hochwertig, langlebig und angenehm warm<\/li>\n<li data-start=\"691\" data-end=\"804\"><strong data-start=\"691\" data-end=\"719\">Materialzusammensetzung:<\/strong> 65% Baumwolle \/ 35% Polyester<\/li>\n<li data-start=\"807\" data-end=\"898\"><strong data-start=\"807\" data-end=\"819\">Verarbeitung:<\/strong> Innen angeraut Seitenn\u00e4hte<\/li>\n<li data-start=\"807\" data-end=\"898\"><strong>Pflegehinweis: <\/strong>30 \u00b0C waschbar, B\u00fcgeln erlaubt<\/li>\n<li data-start=\"807\" data-end=\"898\"><strong>Farbigkeit:<\/strong> 1-farbig Meliert<\/li>\n<\/ul>\n<p>&nbsp;<\/p>\n<p><strong data-start=\"901\" data-end=\"913\">Details:<\/strong><\/p>\n<ul>\n<li data-start=\"918\" data-end=\"944\">Innen angerauter Sweatstoff<\/li>\n<li data-start=\"918\" data-end=\"944\">Neutrales Gr\u00f6\u00dfenlabel ohne Branding, f\u00fcr Nackendruck geeignet<\/li>\n<li data-start=\"918\" data-end=\"944\">Flach aufliegende K\u00e4ngurutasche mit Taschen\u00f6ffnungen aus Oberstoff<\/li>\n<li data-start=\"918\" data-end=\"944\">Set-In-\u00c4rmel<\/li>\n<li data-start=\"918\" data-end=\"944\">Ripp-B\u00fcndchen an Saum und \u00c4rmel\u00f6ffnung<\/li>\n<li data-start=\"918\" data-end=\"944\">Halbmond im Nacken<\/li>\n<li data-start=\"918\" data-end=\"944\">Kapuze mit zwei Teilungsn\u00e4hten<\/li>\n<li data-start=\"918\" data-end=\"944\">Necktape<\/li>\n<li data-start=\"918\" data-end=\"944\">Gef\u00fctterte Kapuze aus Oberstoff<\/li>\n<li data-start=\"918\" data-end=\"944\">Lang geschnitten<\/li>\n<\/ul>\n<p data-start=\"1247\" data-end=\"1388\"><strong data-start=\"1393\" data-end=\"1431\">Nachhaltigkeit &amp; Zertifizierungen:<\/strong><\/p>\n<ul>\n<li data-start=\"1540\" data-end=\"1642\"><strong data-start=\"1540\" data-end=\"1596\">OEKO-TEX\u00ae STANDARD 100 (Zertifikat CQ 1007\/7, IFTH):<\/strong> Frei von gesundheitssch\u00e4dlichen Chemikalien<\/li>\n<\/ul>\n<p>&nbsp;<\/p>\n<p data-start=\"1683\" data-end=\"1738\"><strong data-start=\"1683\" data-end=\"1706\">Erh\u00e4ltliche Gr\u00f6\u00dfen:<\/strong> XS, S, M, L, XL, XXL, 3XL, 4XL, 5XL<\/p>\n","protected":false},"excerpt":{"rendered":"<p data-start=\"92\" data-end=\"306\"><strong data-start=\"92\" data-end=\"154\">Dein neuer Lieblingshoodie \u2013 nachhaltig, stylisch, bequem.<\/strong><br data-start=\"154\" data-end=\"157\" \/>WESTCOAST NORTHFREEZELAND vereint die energiegeladene Aura der Westk\u00fcste mit der Gelassenheit ihrer Bewohner. Perfekt f\u00fcr Abenteuer jeder Art \u2013 ob am Meer oder in der City.<\/p>\n<p data-start=\"308\" data-end=\"395\"><strong data-start=\"308\" data-end=\"355\">Baumwolle, Polyester.<\/strong><br data-start=\"355\" data-end=\"358\" \/><strong data-start=\"358\" data-end=\"395\">Erh\u00e4ltlich in den Gr\u00f6\u00dfen XXS\u20135XL.<\/strong><\/p>\n","protected":false},"featured_media":7195,"comment_status":"closed","ping_status":"closed","template":"","meta":{"_acf_changed":false},"product_cat":[270,284,285],"product_tag":[],"class_list":{"0":"post-7165","1":"product","2":"type-product","3":"status-publish","4":"has-post-thumbnail","6":"product_cat-westcoast-northfreezeland","7":"product_cat-westcoast-northfreezeland-herren","8":"product_cat-westcoast-northfreezeland-herren-hoodies","10":"first","11":"instock","12":"taxable","13":"shipping-taxable","14":"purchasable","15":"product-type-variable"},"acf":[],"_links":{"self":[{"href":"https:\/\/www.calmwear.de\/shop\/wp-json\/wp\/v2\/product\/7165","targetHints":{"allow":["GET"]}}],"collection":[{"href":"https:\/\/www.calmwear.de\/shop\/wp-json\/wp\/v2\/product"}],"about":[{"href":"https:\/\/www.calmwear.de\/shop\/wp-json\/wp\/v2\/types\/product"}],"replies":[{"embeddable":true,"href":"https:\/\/www.calmwear.de\/shop\/wp-json\/wp\/v2\/comments?post=7165"}],"wp:featuredmedia":[{"embeddable":true,"href":"https:\/\/www.calmwear.de\/shop\/wp-json\/wp\/v2\/media\/7195"}],"wp:attachment":[{"href":"https:\/\/www.calmwear.de\/shop\/wp-json\/wp\/v2\/media?parent=7165"}],"wp:term":[{"taxonomy":"product_cat","embeddable":true,"href":"https:\/\/www.calmwear.de\/shop\/wp-json\/wp\/v2\/product_cat?post=7165"},{"taxonomy":"product_tag","embeddable":true,"href":"https:\/\/www.calmwear.de\/shop\/wp-json\/wp\/v2\/product_tag?post=7165"}],"curies":[{"name":"wp","href":"https:\/\/api.w.org\/{rel}","templated":true}]}}